{"id":124,"date":"2025-09-09T18:45:11","date_gmt":"2025-09-09T18:45:11","guid":{"rendered":"https:\/\/saintecatherinehall.com\/corporate-business-events\/"},"modified":"2025-12-03T15:56:59","modified_gmt":"2025-12-03T15:56:59","slug":"corporate-business-events","status":"publish","type":"page","link":"https:\/\/saintecatherinehall.com\/en\/corporate-business-events\/","title":{"rendered":"Corporate &#038; Business Events"},"content":{"rendered":"<h1>Prime locations for corporate events, business meetings, and training sessions.<\/h1>\n<div>\n<p>For a strategic meeting, training day, product launch, or business cocktail party, Sainte-Catherine Hall <strong>offers a professional and inspiring venue in the heart of Montreal<\/strong>, ready to welcome your teams and partners.<\/p>\n<\/div>\n<h1>Espaces de choix pour \u00e9v\u00e9nements corporatifs et r\u00e9unions d&#8217;affaires ou de formation.<\/h1>\n<div>\n<p>Pour une r\u00e9union strat\u00e9gique, une journ\u00e9e de formation, un lancement de produit ou un cocktail d\u2019affaires, Sainte-Catherine Hall vous offre un <strong data-start=\"2189\" data-end=\"2244\">lieu professionnel et inspirant au c\u0153ur de Montr\u00e9al<\/strong>, pr\u00eat \u00e0 accueillir vos \u00e9quipes et vos partenaires..<\/p>\n<\/div>\n<p><img decoding=\"async\" data-src=\"\/wp-content\/uploads\/2025\/10\/BEN03503.jpg\" alt=\"bar night life\" src=\"data:image\/svg+xml;base64,PHN2ZyB3aWR0aD0iMSIgaGVpZ2h0PSIxIiB4bWxucz0iaHR0cDovL3d3dy53My5vcmcvMjAwMC9zdmciPjwvc3ZnPg==\" class=\"lazyload\" style=\"--smush-placeholder-width: 1024px; --smush-placeholder-aspect-ratio: 1024\/683;\"><\/p>\n<h1>\n<p>Modular spaces for all your formats<\/p>\n<\/h1>\n<div>\n<p>We understand that every event is unique. It represents your values, your culture, the importance of the occasion, the time of year, and your budget.<\/p>\n<p>The great flexibility of our rooms allows us to host all kinds of events, from large-scale galas to more intimate team meetings or training sessions.<\/p>\n<\/p>\n<\/div>\n<h1>Whether you are bringing together your teams, your customers, or your industry, the floor is yours. We are here to serve your message.<\/h1>\n<ul>\n<li>\n<div>Recognition Gala<\/div>\n<\/li>\n<li>\n<div>\n<p data-start=\"2512\" data-end=\"2533\">Product launches<\/p>\n<\/div>\n<\/li>\n<li>\n<div>\n<p data-start=\"2465\" data-end=\"2484\">Board meetings<\/p>\n<\/div>\n<\/li>\n<li>\n<div>\n<p data-start=\"2487\" data-end=\"2509\">Training courses and workshops<\/p>\n<\/div>\n<\/li>\n<li>\n<div>\n<p data-start=\"2536\" data-end=\"2573\">Hybrid or in-person conferences<\/p>\n<\/div>\n<\/li>\n<li>\n<div>Private events<\/div>\n<\/li>\n<li>\n<div>Social casino<\/div>\n<\/li>\n<li>\n<div>Etc.<\/div>\n<\/li>\n<\/ul>\n<h1>High-end technology and comfort<\/h1>\n<ul>\n<li>\n<p>        <img decoding=\"async\" data-src=\"\/wp-content\/uploads\/2025\/09\/salles-adjacentes-scaled-2.jpg\" alt=\"\" src=\"data:image\/svg+xml;base64,PHN2ZyB3aWR0aD0iMSIgaGVpZ2h0PSIxIiB4bWxucz0iaHR0cDovL3d3dy53My5vcmcvMjAwMC9zdmciPjwvc3ZnPg==\" class=\"lazyload\" style=\"--smush-placeholder-width: 2560px; --smush-placeholder-aspect-ratio: 2560\/1707;\"><\/p>\n<h3>Modular spaces<\/h3>\n<div>\n<p>We have rooms with the right atmosphere for any event. Large capacity rooms, smaller rooms for dining, or a VIP area. Just ask!<\/p>\n<\/div>\n<\/li>\n<li>\n<p>        <img decoding=\"async\" data-src=\"\/wp-content\/uploads\/2025\/09\/DSC09442-scaled-1.jpg\" alt=\"salle le Main \u00e0 louer\" src=\"data:image\/svg+xml;base64,PHN2ZyB3aWR0aD0iMSIgaGVpZ2h0PSIxIiB4bWxucz0iaHR0cDovL3d3dy53My5vcmcvMjAwMC9zdmciPjwvc3ZnPg==\" class=\"lazyload\" style=\"--smush-placeholder-width: 2560px; --smush-placeholder-aspect-ratio: 2560\/1707;\"><\/p>\n<h3>Technological equipment<\/h3>\n<div>\n<p>LED wall, screens, professional sound system, high-speed Wi-Fi, comprehensive lighting. Everything you need for a successful event.<\/p>\n<\/div>\n<\/li>\n<li>\n<p>        <img decoding=\"async\" data-src=\"\/wp-content\/uploads\/photo-1615127717889-8945dba1f05a-scaled.jpg\" alt=\"\" src=\"data:image\/svg+xml;base64,PHN2ZyB3aWR0aD0iMSIgaGVpZ2h0PSIxIiB4bWxucz0iaHR0cDovL3d3dy53My5vcmcvMjAwMC9zdmciPjwvc3ZnPg==\" class=\"lazyload\" style=\"--smush-placeholder-width: 2560px; --smush-placeholder-aspect-ratio: 2560\/1707;\"><\/p>\n<h3>Turnkey services<\/h3>\n<div>\n<p>Whatever support you need, we have the resources: event managers, caterers, and bars tailored to the business context, logistics management from A to Z, and more.<\/p>\n<\/div>\n<\/li>\n<\/ul>\n<p><p>\n        <a href=\"https:\/\/saintecatherinehall.com\/en\/services-equipment\/\">See all available services <\/a>\n    <\/p>\n<\/p>\n<h1><strong>Focus on your event<\/strong><\/h1>\n<div>\n<p>We have your next professional, technological, and modular space in the city center for your turnkey meetings, training sessions, or corporate events. But above all, we offer events that are 100% tailored to your business needs.<\/p>\n<p>We put all our knowledge, expertise, and resources at your service. Our goal is your peace of mind.<\/p>\n<p>We know how challenging it can be to organize an event. Every day, our clients thank us for being part of their event success.<\/p>\n<p><strong>What are your needs?<\/strong><\/p>\n<\/div>\n<h1>FAQ<\/h1>\n<ul>\n<li>\n<h3>Can we set up a videoconference?<\/h3>\n<div>\n<p>Of course! We have all the necessary equipment for videoconferencing. Please ask about it when we next speak.<\/p>\n<\/div>\n<\/li>\n<li>\n<h3>Do you provide catering services?<\/h3>\n<div>\n<p>Yes, absolutely. We can work with you to evaluate the best options. Caterers have all the necessary equipment for preparation and service. Discuss your needs with us during our initial contact.<\/p>\n<\/div>\n<\/li>\n<li>\n<h3>Is there a full bar service?<\/h3>\n<div>\n<p>We have all the equipment you need for bars serving alcohol or non-alcoholic beverages. We can provide staff if needed. Please note that liquor licenses are not automatic. Discuss this during our initial contact.<\/p>\n<p><a href=\"https:\/\/www.racj.gouv.qc.ca\/formulaires-et-publications\/publications\/frais-et-droits-payables\/secteur-alcool\/reunions.html\" target=\"_blank\" rel=\"noopener\"> Confirm the conditions with the R\u00e9gie des Alcools here.<\/a><\/p>\n<\/div>\n<\/li>\n<li>\n<h3>What are the parking or public transportation options?<\/h3>\n<div>\n<p>We are located 2 minutes from the Berri-UQ\u00c0M subway station. There is street parking available on adjacent streets and paid parking lots in the surrounding area.<\/p>\n<\/div>\n<\/li>\n<li>\n<h3>Can we provide our own music?<\/h3>\n<div>\n<p>Of course. Our main rooms are equipped with sound systems tailored to each space. Discuss your needs with us when we first make contact.<\/p>\n<\/div>\n<\/li>\n<\/ul>\n<p><p>\n        <a href=\"https:\/\/saintecatherinehall.com\/en\/services-equipment\/\">See the list of our services<\/a>\n    <\/p>\n<\/p>\n<p><video src=\"\/wp-content\/uploads\/2025\/10\/obtenir_un_devis_1580636_original_mp4.mp4\" poster=\"\"><\/video><\/p>\n<h3>Start organizing your event now.<\/h3>\n<div>\n<p>Share your event\u2019s key details with us by filling out our form and we\u2019ll get back to you as soon as possible. Everything starts here!<\/p>\n<\/div>\n<ul>\n<li>\n<p>\n        <a href=\"https:\/\/saintecatherinehall.com\/en\/get-a-quote\/\">Get a Quote<\/a>\n    <\/p>\n<\/li>\n<li>\n<p>\n        <a href=\"\/blogues-ressources\/\">Questions?<\/a>\n    <\/p>\n<\/li>\n<\/ul>\n<ul>\n<li><a href=\"https:\/\/www.facebook.com\/stecatherine.hall\">facebook<\/a>\n<\/li>\n<li><a href=\"https:\/\/www.instagram.com\/stecatherine.hall\/\">instagram<\/a>\n<\/li>\n<li><a href=\"https:\/\/www.tiktok.com\/@saintecatherinehall\">tiktok<\/a>\n<\/li>\n<\/ul>\n<p><video src=\"\/wp-content\/uploads\/2025\/10\/1759965473410.mp4\" poster=\"\"><\/video><\/p>\n<p><!--more--><br \/>\n<!-- {\"type\":\"layout\",\"children\":[{\"type\":\"section\",\"props\":{\"image\":\"wp-content\\\/uploads\\\/photo-1515169067868-5387ec356754-scaled.jpg\",\"image_loading\":true,\"image_position\":\"center-center\",\"image_size\":\"width-1-1\",\"media_focal_point\":\"bottom-center\",\"media_visibility\":\"l\",\"style\":\"default\",\"title_breakpoint\":\"xl\",\"title_position\":\"top-left\",\"title_rotation\":\"left\",\"vertical_align\":\"middle\",\"width\":\"\"},\"children\":[{\"type\":\"row\",\"props\":{\"layout\":\"2-3,1-3\"},\"children\":[{\"type\":\"column\",\"props\":{\"image_position\":\"center-center\",\"position_sticky_breakpoint\":\"m\",\"style\":\"tile-muted\",\"width_medium\":\"2-3\"},\"children\":[{\"type\":\"headline\",\"props\":{\"content\":\"Prime locations for corporate events, business meetings, and training sessions.\",\"title_element\":\"h1\",\"title_style\":\"heading-medium\",\"visibility\":\"l\"}},{\"type\":\"text\",\"props\":{\"column_breakpoint\":\"m\",\"content\":\"\n\n<p>For a strategic meeting, training day, product launch, or business cocktail party, Sainte-Catherine Hall <strong>offers a professional and inspiring venue in the heart of Montreal<\\\/strong>, ready to welcome your teams and partners.<\\\/p>\",\"margin\":\"default\",\"text_style\":\"lead\",\"visibility\":\"l\"}}]},{\"type\":\"column\",\"props\":{\"image_position\":\"center-center\",\"position_sticky_breakpoint\":\"m\",\"width_medium\":\"1-3\"}}]}]},{\"type\":\"section\",\"props\":{\"image\":\"wp-content\\\/uploads\\\/photo-1515169067868-5387ec356754-scaled.jpg\",\"image_loading\":true,\"image_position\":\"center-center\",\"image_size\":\"cover\",\"media_focal_point\":\"top-right\",\"style\":\"default\",\"title_breakpoint\":\"xl\",\"title_position\":\"top-left\",\"title_rotation\":\"left\",\"vertical_align\":\"middle\",\"width\":\"default\"},\"children\":[{\"type\":\"row\",\"children\":[{\"type\":\"column\",\"props\":{\"image_position\":\"center-center\",\"position_sticky_breakpoint\":\"m\",\"style\":\"tile-muted\"},\"children\":[{\"type\":\"headline\",\"props\":{\"content\":\"Espaces de choix pour \\u00e9v\\u00e9nements corporatifs et r\\u00e9unions d'affaires ou de formation.\",\"title_element\":\"h1\",\"title_style\":\"heading-medium\",\"visibility\":\"hidden-l\"}},{\"type\":\"text\",\"props\":{\"column_breakpoint\":\"m\",\"content\":\"\n\n<p>Pour une r\\u00e9union strat\\u00e9gique, une journ\\u00e9e de formation, un lancement de produit ou un cocktail d\\u2019affaires, Sainte-Catherine Hall vous offre un <strong data-start=\\\"2189\\\" data-end=\\\"2244\\\">lieu professionnel et inspirant au c\\u0153ur de Montr\\u00e9al<\\\/strong>, pr\\u00eat \\u00e0 accueillir vos \\u00e9quipes et vos partenaires..<\\\/p>\",\"margin\":\"default\",\"text_style\":\"lead\",\"visibility\":\"hidden-l\"}}]}]}]},{\"type\":\"section\",\"props\":{\"image_position\":\"center-center\",\"style\":\"default\",\"title_breakpoint\":\"xl\",\"title_position\":\"top-left\",\"title_rotation\":\"left\",\"vertical_align\":\"middle\",\"width\":\"default\"},\"children\":[{\"type\":\"row\",\"props\":{\"layout\":\"2-5,3-5\"},\"children\":[{\"type\":\"column\",\"props\":{\"image_position\":\"center-center\",\"position_sticky_breakpoint\":\"m\",\"width_medium\":\"2-5\"},\"children\":[{\"type\":\"image\",\"props\":{\"image\":\"wp-content\\\/uploads\\\/2025\\\/10\\\/BEN03503.jpg\",\"image_alt\":\"bar night life\",\"image_box_decoration\":\"default\",\"image_svg_color\":\"emphasis\",\"margin\":\"default\"}}]},{\"type\":\"column\",\"props\":{\"image_position\":\"center-center\",\"position_sticky_breakpoint\":\"m\",\"width_medium\":\"3-5\"},\"children\":[{\"type\":\"headline\",\"props\":{\"content\":\"\n\n<p>Modular spaces for all your formats<\\\/p>\",\"title_element\":\"h1\"}},{\"type\":\"text\",\"props\":{\"column_breakpoint\":\"m\",\"content\":\"\n\n<p>We understand that every event is unique. It represents your values, your culture, the importance of the occasion, the time of year, and your budget.<\\\/p>\\n\n\n<p>The great flexibility of our rooms allows us to host all kinds of events, from large-scale galas to more intimate team meetings or training sessions.<\\\/p>\\n\n\n<p><\\\/p>\",\"margin\":\"default\",\"text_style\":\"lead\"}}]}]},{\"type\":\"row\",\"props\":{\"layout\":\"1-2,1-2\"},\"children\":[{\"type\":\"column\",\"props\":{\"image\":\"wp-content\\\/uploads\\\/photo-1475721027785-f74eccf877e2-scaled.jpg\",\"image_loading\":true,\"image_position\":\"center-center\",\"image_size\":\"cover\",\"media_blend_mode\":\"darken\",\"position_sticky_breakpoint\":\"m\",\"text_color\":\"light\",\"vertical_align\":\"middle\",\"width_medium\":\"1-2\"},\"children\":[{\"type\":\"headline\",\"props\":{\"blend\":false,\"content\":\"Whether you are bringing together your teams, your customers, or your industry, the floor is yours. We are here to serve your message.\",\"title_color\":\"emphasis\",\"title_element\":\"h1\",\"title_font_family\":\"default\"}}]},{\"type\":\"column\",\"props\":{\"image_position\":\"center-center\",\"position_sticky_breakpoint\":\"m\",\"width_medium\":\"1-2\"},\"children\":[{\"type\":\"list\",\"props\":{\"column_breakpoint\":\"m\",\"content_style\":\"h3\",\"image_align\":\"left\",\"image_svg_color\":\"emphasis\",\"image_vertical_align\":true,\"list_element\":\"ul\",\"list_horizontal_separator\":\", \",\"list_marker\":\"disc\",\"list_marker_color\":\"primary\",\"list_style\":\"divider\",\"list_type\":\"vertical\",\"show_image\":true,\"show_link\":true},\"children\":[{\"type\":\"list_item\",\"props\":{\"content\":\"Recognition Gala\"}},{\"type\":\"list_item\",\"props\":{\"content\":\"\n\n<p data-start=\\\"2512\\\" data-end=\\\"2533\\\">Product launches<\\\/p>\"}},{\"type\":\"list_item\",\"props\":{\"content\":\"\n\n<p data-start=\\\"2465\\\" data-end=\\\"2484\\\">Board meetings<\\\/p>\"}},{\"type\":\"list_item\",\"props\":{\"content\":\"\n\n<p data-start=\\\"2487\\\" data-end=\\\"2509\\\">Training courses and workshops<\\\/p>\"}},{\"type\":\"list_item\",\"props\":{\"content\":\"\n\n<p data-start=\\\"2536\\\" data-end=\\\"2573\\\">Hybrid or in-person conferences<\\\/p>\"}},{\"type\":\"list_item\",\"props\":{\"content\":\"Private events\"}},{\"type\":\"list_item\",\"props\":{\"content\":\"Social casino\"}},{\"type\":\"list_item\",\"props\":{\"content\":\"Etc.\"}}]}]}]}]},{\"type\":\"section\",\"props\":{\"image_position\":\"center-center\",\"style\":\"default\",\"title_breakpoint\":\"xl\",\"title_position\":\"top-left\",\"title_rotation\":\"left\",\"vertical_align\":\"middle\",\"width\":\"default\"},\"children\":[{\"type\":\"row\",\"children\":[{\"type\":\"column\",\"props\":{\"image_position\":\"center-center\",\"position_sticky_breakpoint\":\"m\"},\"children\":[{\"type\":\"headline\",\"props\":{\"content\":\"High-end technology and comfort\",\"title_element\":\"h1\"}},{\"type\":\"panel-slider\",\"props\":{\"content_align\":false,\"content_column_breakpoint\":\"m\",\"content_style\":\"text-lead\",\"icon_width\":80,\"image_align\":\"top\",\"image_grid_breakpoint\":\"m\",\"image_grid_width\":\"1-2\",\"image_svg_color\":\"emphasis\",\"link_style\":\"default\",\"link_text\":\"Read more\",\"margin\":\"default\",\"meta_align\":\"below-title\",\"meta_element\":\"div\",\"meta_style\":\"text-meta\",\"nav\":\"dotnav\",\"nav_align\":\"center\",\"nav_breakpoint\":\"s\",\"panel_match\":true,\"show_content\":true,\"show_hover_image\":true,\"show_hover_video\":true,\"show_image\":true,\"show_link\":true,\"show_meta\":true,\"show_title\":true,\"show_video\":true,\"slidenav\":\"outside\",\"slidenav_breakpoint\":\"xl\",\"slidenav_margin\":\"medium\",\"slidenav_outside_breakpoint\":\"xl\",\"slider_autoplay\":true,\"slider_autoplay_interval\":\"2\",\"slider_autoplay_pause\":true,\"slider_gap\":\"default\",\"slider_sets\":true,\"slider_velocity\":\"0.6\",\"slider_width\":\"fixed\",\"slider_width_default\":\"1-1\",\"slider_width_medium\":\"1-3\",\"title_align\":\"top\",\"title_element\":\"h3\",\"title_grid_breakpoint\":\"m\",\"title_grid_width\":\"1-2\",\"title_hover_style\":\"reset\"},\"children\":[{\"type\":\"panel-slider_item\",\"props\":{\"content\":\"\n\n<p>We have rooms with the right atmosphere for any event. Large capacity rooms, smaller rooms for dining, or a VIP area. Just ask!<\\\/p>\",\"image\":\"wp-content\\\/uploads\\\/2025\\\/09\\\/salles-adjacentes-scaled-2.jpg\",\"title\":\"Modular spaces\"}},{\"type\":\"panel-slider_item\",\"props\":{\"content\":\"\n\n<p>LED wall, screens, professional sound system, high-speed Wi-Fi, comprehensive lighting. Everything you need for a successful event.<\\\/p>\",\"image\":\"wp-content\\\/uploads\\\/2025\\\/09\\\/DSC09442-scaled-1.jpg\",\"image_alt\":\"salle le Main \\u00e0 louer\",\"title\":\"Technological equipment\"}},{\"type\":\"panel-slider_item\",\"props\":{\"content\":\"\n\n<p>Whatever support you need, we have the resources: event managers, caterers, and bars tailored to the business context, logistics management from A to Z, and more.<\\\/p>\",\"image\":\"wp-content\\\/uploads\\\/photo-1615127717889-8945dba1f05a-scaled.jpg\",\"title\":\"Turnkey services\"}}]},{\"type\":\"button\",\"props\":{\"fullwidth\":true,\"grid_column_gap\":\"small\",\"grid_row_gap\":\"small\",\"margin\":\"default\",\"text_align\":\"center\"},\"children\":[{\"type\":\"button_item\",\"props\":{\"button_style\":\"primary\",\"content\":\"See all available services \",\"dialog_layout\":\"modal\",\"dialog_offcanvas_flip\":true,\"icon\":\"settings\",\"icon_align\":\"left\",\"link\":\"en\\\/services-equipment\\\/\"}}]}]}]}]},{\"type\":\"section\",\"props\":{\"image_position\":\"center-center\",\"style\":\"primary\",\"title_breakpoint\":\"xl\",\"title_position\":\"top-left\",\"title_rotation\":\"left\",\"vertical_align\":\"middle\",\"width\":\"default\"},\"children\":[{\"type\":\"row\",\"props\":{\"layout\":\"2-3,1-3\"},\"children\":[{\"type\":\"column\",\"props\":{\"image_position\":\"center-center\",\"position_sticky_breakpoint\":\"m\",\"width_medium\":\"2-3\"},\"children\":[{\"type\":\"headline\",\"props\":{\"content\":\"<strong>Focus on your event<\\\/strong>\",\"title_element\":\"h1\"}},{\"type\":\"text\",\"props\":{\"column_breakpoint\":\"m\",\"content\":\"\n\n<p>We have your next professional, technological, and modular space in the city center for your turnkey meetings, training sessions, or corporate events. But above all, we offer events that are 100% tailored to your business needs.<\\\/p>\\n\n\n<p>We put all our knowledge, expertise, and resources at your service. Our goal is your peace of mind.<\\\/p>\\n\n\n<p>We know how challenging it can be to organize an event. Every day, our clients thank us for being part of their event success.<\\\/p>\\n\n\n<p><strong>What are your needs?<\\\/strong><\\\/p>\",\"margin\":\"default\",\"text_style\":\"lead\"}}]},{\"type\":\"column\",\"props\":{\"image_position\":\"center-center\",\"position_sticky_breakpoint\":\"m\",\"width_medium\":\"1-3\"},\"children\":[{\"type\":\"headline\",\"props\":{\"content\":\"FAQ\",\"text_align\":\"center\",\"title_element\":\"h1\"}},{\"type\":\"accordion\",\"props\":{\"collapsible\":true,\"content_column_breakpoint\":\"m\",\"image_align\":\"top\",\"image_grid_breakpoint\":\"m\",\"image_grid_width\":\"1-2\",\"image_svg_color\":\"emphasis\",\"link_style\":\"default\",\"link_text\":\"Read more\",\"show_image\":true,\"show_link\":true},\"children\":[{\"type\":\"accordion_item\",\"props\":{\"content\":\"\n\n<p>Of course! We have all the necessary equipment for videoconferencing. Please ask about it when we next speak.<\\\/p>\",\"title\":\"Can we set up a videoconference?\"}},{\"type\":\"accordion_item\",\"props\":{\"content\":\"\n\n<p>Yes, absolutely. We can work with you to evaluate the best options. Caterers have all the necessary equipment for preparation and service. Discuss your needs with us during our initial contact.<\\\/p>\",\"title\":\"Do you provide catering services?\"}},{\"type\":\"accordion_item\",\"props\":{\"content\":\"\n\n<p>We have all the equipment you need for bars serving alcohol or non-alcoholic beverages. We can provide staff if needed. Please note that liquor licenses are not automatic. Discuss this during our initial contact.<\\\/p>\\n\n\n<p><a href=\\\"https:\\\/\\\/www.racj.gouv.qc.ca\\\/formulaires-et-publications\\\/publications\\\/frais-et-droits-payables\\\/secteur-alcool\\\/reunions.html\\\" target=\\\"_blank\\\" rel=\\\"noopener\\\"> Confirm the conditions with the R\\u00e9gie des Alcools here.<\\\/a><\\\/p>\",\"title\":\"Is there a full bar service?\"}},{\"type\":\"accordion_item\",\"props\":{\"content\":\"\n\n<p>We are located 2 minutes from the Berri-UQ\\u00c0M subway station. There is street parking available on adjacent streets and paid parking lots in the surrounding area.<\\\/p>\",\"title\":\"What are the parking or public transportation options?\"}},{\"type\":\"accordion_item\",\"props\":{\"content\":\"\n\n<p>Of course. Our main rooms are equipped with sound systems tailored to each space. Discuss your needs with us when we first make contact.<\\\/p>\",\"title\":\"Can we provide our own music?\"}}],\"name\":\"FAQ - general - ENG\"},{\"type\":\"button\",\"props\":{\"grid_column_gap\":\"small\",\"grid_row_gap\":\"small\",\"margin\":\"default\"},\"children\":[{\"type\":\"button_item\",\"props\":{\"button_style\":\"default\",\"content\":\"See the list of our services\",\"dialog_layout\":\"modal\",\"dialog_offcanvas_flip\":true,\"icon\":\"settings\",\"icon_align\":\"left\",\"link\":\"en\\\/services-equipment\\\/\"}}]}]}]}]},{\"type\":\"section\",\"props\":{\"animation\":\"fade\",\"image_loading\":false,\"image_position\":\"center-center\",\"image_size\":\"cover\",\"padding\":\"none\",\"padding_remove_top\":false,\"style\":\"muted\",\"title_breakpoint\":\"xl\",\"title_position\":\"top-left\",\"title_rotation\":\"left\",\"vertical_align\":\"\",\"width\":\"large\"},\"children\":[{\"type\":\"row\",\"children\":[{\"type\":\"column\",\"props\":{\"image_position\":\"center-center\",\"media_blend_mode\":\"color-burn\",\"padding\":\"small\",\"position_sticky_breakpoint\":\"m\",\"style\":\"card-default\",\"vertical_align\":\"middle\",\"width_medium\":\"2-3\"},\"children\":[{\"type\":\"video\",\"props\":{\"margin\":\"small\",\"text_align\":\"center\",\"video\":\"wp-content\\\/uploads\\\/2025\\\/10\\\/obtenir_un_devis_1580636_original_mp4.mp4\",\"video_autoplay\":\"inview\",\"video_controls\":false,\"video_loop\":true,\"video_muted\":true,\"video_width\":600}},{\"type\":\"headline\",\"props\":{\"block_align\":\"center\",\"content\":\"Start organizing your event now.\",\"maxwidth\":\"xlarge\",\"text_align\":\"center\",\"text_align_breakpoint\":\"m\",\"text_align_fallback\":\"center\",\"title_color\":\"primary\",\"title_element\":\"h3\",\"title_style\":\"h2\"}},{\"type\":\"text\",\"props\":{\"block_align\":\"center\",\"block_align_breakpoint\":\"m\",\"block_align_fallback\":\"center\",\"column_breakpoint\":\"m\",\"content\":\"\n\n<p>Share your event\\u2019s key details with us by filling out our form and we\\u2019ll get back to you as soon as possible. Everything starts here!<\\\/p>\",\"margin\":\"default\",\"maxwidth\":\"xlarge\",\"maxwidth_breakpoint\":\"m\",\"text_align\":\"center\",\"text_align_breakpoint\":\"m\",\"text_align_fallback\":\"center\",\"text_style\":\"lead\"}},{\"type\":\"button\",\"props\":{\"animation\":\"slide-bottom-small\",\"block_align\":\"center\",\"grid_column_gap\":\"small\",\"grid_row_gap\":\"small\",\"margin\":\"medium\",\"maxwidth\":\"xlarge\",\"text_align\":\"center\",\"text_align_breakpoint\":\"m\",\"text_align_fallback\":\"center\"},\"children\":[{\"type\":\"button_item\",\"props\":{\"button_style\":\"primary\",\"content\":\"Get a Quote\",\"dialog_layout\":\"modal\",\"dialog_offcanvas_flip\":true,\"icon\":\"file-edit\",\"icon_align\":\"left\",\"link\":\"obtenir-un-devis\\\/\",\"link_title\":\"Obtenir un devis\"}},{\"type\":\"button_item\",\"props\":{\"button_style\":\"default\",\"content\":\"Questions?\",\"dialog_layout\":\"modal\",\"dialog_offcanvas_flip\":true,\"icon\":\"question\",\"icon_align\":\"left\",\"link\":\"blogues-ressources\\\/\",\"link_title\":\"FAQ\"}}]},{\"type\":\"social\",\"props\":{\"grid\":\"horizontal\",\"grid_column_gap\":\"\",\"grid_row_gap\":\"\",\"image_svg_inline\":true,\"link_style\":\"button\",\"link_target\":true,\"margin\":\"default\",\"text_align\":\"center\",\"visibility\":\"hidden-xl\"},\"children\":[{\"type\":\"social_item\",\"props\":{\"icon\":\"facebook\",\"link\":\"https:\\\/\\\/www.facebook.com\\\/stecatherine.hall\"}},{\"type\":\"social_item\",\"props\":{\"icon\":\"instagram\",\"link\":\"https:\\\/\\\/www.instagram.com\\\/stecatherine.hall\\\/\"}},{\"type\":\"social_item\",\"props\":{\"icon\":\"tiktok\",\"link\":\"https:\\\/\\\/www.tiktok.com\\\/@saintecatherinehall\"}}]}]},{\"type\":\"column\",\"props\":{\"image_position\":\"center-center\",\"position_sticky_breakpoint\":\"m\",\"style\":\"card-default\",\"vertical_align\":\"middle\",\"width_medium\":\"1-3\"},\"children\":[{\"type\":\"video\",\"props\":{\"margin\":\"default\",\"video\":\"wp-content\\\/uploads\\\/2025\\\/10\\\/1759965473410.mp4\",\"video_autoplay\":true,\"video_box_decoration\":\"secondary\",\"video_controls\":false,\"video_loop\":true,\"video_muted\":true}}]}],\"props\":{\"column_gap\":\"collapse\",\"layout\":\"2-3,1-3\",\"row_gap\":\"collapse\"}}],\"name\":\"Call to Action - ENG\"}],\"version\":\"4.5.28\"} --><\/p>\n","protected":false},"excerpt":{"rendered":"<p>Prime locations for corporate events, business meetings, and training sessions. For a strategic meeting, training day, product launch, or business cocktail party, Sainte-Catherine Hall offers a professional and inspiring venue in the heart of Montreal, ready to welcome your teams and partners. Espaces de choix pour \u00e9v\u00e9nements corporatifs et r\u00e9unions d&#8217;affaires ou de formation. Pour [&hellip;]<\/p>\n","protected":false},"author":2,"featured_media":0,"parent":0,"menu_order":0,"comment_status":"closed","ping_status":"closed","template":"","meta":{"content-type":"","footnotes":""},"class_list":["post-124","page","type-page","status-publish","hentry"],"_links":{"self":[{"href":"https:\/\/saintecatherinehall.com\/en\/wp-json\/wp\/v2\/pages\/124","targetHints":{"allow":["GET"]}}],"collection":[{"href":"https:\/\/saintecatherinehall.com\/en\/wp-json\/wp\/v2\/pages"}],"about":[{"href":"https:\/\/saintecatherinehall.com\/en\/wp-json\/wp\/v2\/types\/page"}],"author":[{"embeddable":true,"href":"https:\/\/saintecatherinehall.com\/en\/wp-json\/wp\/v2\/users\/2"}],"replies":[{"embeddable":true,"href":"https:\/\/saintecatherinehall.com\/en\/wp-json\/wp\/v2\/comments?post=124"}],"version-history":[{"count":0,"href":"https:\/\/saintecatherinehall.com\/en\/wp-json\/wp\/v2\/pages\/124\/revisions"}],"wp:attachment":[{"href":"https:\/\/saintecatherinehall.com\/en\/wp-json\/wp\/v2\/media?parent=124"}],"curies":[{"name":"wp","href":"https:\/\/api.w.org\/{rel}","templated":true}]}}