{"id":118,"date":"2025-09-09T18:44:44","date_gmt":"2025-09-09T18:44:44","guid":{"rendered":"https:\/\/saintecatherinehall.com\/celebrations-private-events\/"},"modified":"2025-12-03T15:55:58","modified_gmt":"2025-12-03T15:55:58","slug":"celebrations-private-events","status":"publish","type":"page","link":"https:\/\/saintecatherinehall.com\/en\/celebrations-private-events\/","title":{"rendered":"Celebrations  Private Events"},"content":{"rendered":"<h1>The perfect venue for your celebrations and private events<\/h1>\n<div>\n<p>Whether for a family or professional event, an elegant wedding, a milestone birthday, or an intimate celebration, Sainte-Catherine Hall offers a unique venue in Montreal to celebrate your precious moments. Thanks to our modular rooms and experienced team, your ideas will come to life in a tailor-made setting.<\/p>\n<\/div>\n<h1>The perfect venue for your celebrations and private events<\/h1>\n<div>\n<p>Whether for a family or professional event, an elegant wedding, a milestone birthday, or an intimate celebration, Sainte-Catherine Hall offers a unique venue in Montreal to celebrate your precious moments. Thanks to our modular rooms and experienced team, your ideas will come to life in a tailor-made setting.<\/p>\n<\/div>\n<p><img decoding=\"async\" data-src=\"\/wp-content\/uploads\/2025\/10\/BEN03339.jpg\" alt=\"sallle \u00e0 louer \u00e9v\u00e9nement priv\u00e9\" src=\"data:image\/svg+xml;base64,PHN2ZyB3aWR0aD0iMSIgaGVpZ2h0PSIxIiB4bWxucz0iaHR0cDovL3d3dy53My5vcmcvMjAwMC9zdmciPjwvc3ZnPg==\" class=\"lazyload\" style=\"--smush-placeholder-width: 1024px; --smush-placeholder-aspect-ratio: 1024\/683;\"><\/p>\n<h1>Create the event of your dreams<\/h1>\n<div>\n<h5>We understand that every event is unique. It represents your values, your culture, the importance of the occasion, the time of year, and your budget.<\/h5>\n<h5>The high flexibility of our rooms allows us to host both large-scale and more intimate events.<\/h5>\n<h5>We are 100% modular, and the most difficult part is defining your needs. Even for that, we have the skills and expertise at your service.<\/h5>\n<\/p>\n<\/div>\n<h1>No matter what celebration or private event you have in mind, we have everything you need to make it a memorable occasion.<\/h1>\n<ul>\n<li>\n<div>Weddings<\/div>\n<\/li>\n<li>\n<div>Anniversaries<\/div>\n<\/li>\n<li>\n<div>Graduation<\/div>\n<\/li>\n<li>\n<div>Family celebrations<\/div>\n<\/li>\n<li>\n<div>Intimate ceremonies<\/div>\n<\/li>\n<li>\n<div>Private events<\/div>\n<\/li>\n<li>\n<div>Etc.<\/div>\n<\/li>\n<\/ul>\n<h1>Services that make a difference<\/h1>\n<ul>\n<li>\n<p>        <img decoding=\"async\" data-src=\"\/wp-content\/uploads\/pexels-photo-9544262-scaled.jpeg\" alt=\"\" src=\"data:image\/svg+xml;base64,PHN2ZyB3aWR0aD0iMSIgaGVpZ2h0PSIxIiB4bWxucz0iaHR0cDovL3d3dy53My5vcmcvMjAwMC9zdmciPjwvc3ZnPg==\" class=\"lazyload\" style=\"--smush-placeholder-width: 1707px; --smush-placeholder-aspect-ratio: 1707\/2560;\"><\/p>\n<h3>Bar and catering<\/h3>\n<div>\n<p>Catering partner or your chef? It&#8217;s up to you. Everything you need to prepare and serve your chosen meal or cocktail reception is provided.<\/p>\n<\/div>\n<\/li>\n<li>\n<p>        <img decoding=\"async\" data-src=\"\/wp-content\/uploads\/photo-1562575214-da9fcf59b907-scaled.jpg\" alt=\"services et \u00e9quipements\" src=\"data:image\/svg+xml;base64,PHN2ZyB3aWR0aD0iMSIgaGVpZ2h0PSIxIiB4bWxucz0iaHR0cDovL3d3dy53My5vcmcvMjAwMC9zdmciPjwvc3ZnPg==\" class=\"lazyload\" style=\"--smush-placeholder-width: 1700px; --smush-placeholder-aspect-ratio: 1700\/2560;\"><\/p>\n<h3>Decoration and ambiance<\/h3>\n<div>\n<p>Lighting, video wall, live music, or DJ. The choice is yours. Just ask!<\/p>\n<\/p>\n<\/div>\n<\/li>\n<li>\n<p>        <img decoding=\"async\" data-src=\"\/wp-content\/uploads\/photo-1531379410502-63bfe8cdaf6f-scaled.jpg\" alt=\"\" src=\"data:image\/svg+xml;base64,PHN2ZyB3aWR0aD0iMSIgaGVpZ2h0PSIxIiB4bWxucz0iaHR0cDovL3d3dy53My5vcmcvMjAwMC9zdmciPjwvc3ZnPg==\" class=\"lazyload\" style=\"--smush-placeholder-width: 1707px; --smush-placeholder-aspect-ratio: 1707\/2560;\"><\/p>\n<h3>Turnkey services<\/h3>\n<div>\n<p>Whatever support you need, we have the resources: stage manager, service staff, security, etc.<\/p>\n<\/div>\n<\/li>\n<\/ul>\n<p><p>\n        <a href=\"https:\/\/saintecatherinehall.com\/en\/services-equipment\/\">See all available services <\/a>\n    <\/p>\n<\/p>\n<h1><strong>A simple and reassuring experience<\/strong><\/h1>\n<div>\n<p>Of course, we have rooms available for rent. But above all, we offer you successful events. We put all our knowledge, expertise, and resources at your service.<\/p>\n<p>Our goal is your peace of mind. We know how challenging it can be to organize an event. Every day, our clients thank us for being there for them.<\/p>\n<p><strong>So, what are your needs?<\/strong><\/p>\n<\/div>\n<h1>FAQ<\/h1>\n<ul>\n<li>\n<h3>Can we provide our own caterer?<\/h3>\n<div>\n<p>Yes, absolutely. Caterers have all the necessary equipment for preparation and service. Discuss your needs with us during our initial contact.<\/p>\n<\/div>\n<\/li>\n<li>\n<h3>Is there a full bar service?<\/h3>\n<div>\n<p>We have all the equipment you need for bars serving alcohol or non-alcoholic beverages. We can provide staff if needed. Please note that liquor licenses are not automatic. Discuss this during our initial contact.<\/p>\n<p><a href=\"https:\/\/www.racj.gouv.qc.ca\/formulaires-et-publications\/publications\/frais-et-droits-payables\/secteur-alcool\/reunions.html\" target=\"_blank\" rel=\"noopener\"> Confirm the conditions with the R\u00e9gie des Alcools here.<\/a><\/p>\n<\/div>\n<\/li>\n<li>\n<h3>What are the parking or public transportation options?<\/h3>\n<div>\n<p>We are located 2 minutes from the Berri-UQ\u00c0M subway station. There is street parking available on adjacent streets and paid parking lots in the surrounding area.<\/p>\n<\/div>\n<\/li>\n<li>\n<h3>Can we provide our own music?<\/h3>\n<div>\n<p>Of course. Our main rooms are equipped with sound systems tailored to each space. Discuss your needs with us when we first make contact.<\/p>\n<\/div>\n<\/li>\n<\/ul>\n<p><p>\n        <a href=\"https:\/\/saintecatherinehall.com\/en\/services-equipment\/\">See the list of our services<\/a>\n    <\/p>\n<\/p>\n<p><video src=\"\/wp-content\/uploads\/2025\/10\/obtenir_un_devis_1580636_original_mp4.mp4\" poster=\"\"><\/video><\/p>\n<h3>Start organizing your event now.<\/h3>\n<div>\n<p>Share your event\u2019s key details with us by filling out our form and we\u2019ll get back to you as soon as possible. Everything starts here!<\/p>\n<\/div>\n<ul>\n<li>\n<p>\n        <a href=\"https:\/\/saintecatherinehall.com\/en\/get-a-quote\/\">Get a Quote<\/a>\n    <\/p>\n<\/li>\n<li>\n<p>\n        <a href=\"\/blogues-ressources\/\">Questions?<\/a>\n    <\/p>\n<\/li>\n<\/ul>\n<ul>\n<li><a href=\"https:\/\/www.facebook.com\/stecatherine.hall\">facebook<\/a>\n<\/li>\n<li><a href=\"https:\/\/www.instagram.com\/stecatherine.hall\/\">instagram<\/a>\n<\/li>\n<li><a href=\"https:\/\/www.tiktok.com\/@saintecatherinehall\">tiktok<\/a>\n<\/li>\n<\/ul>\n<p><video src=\"\/wp-content\/uploads\/2025\/10\/1759965473410.mp4\" poster=\"\"><\/video><\/p>\n<p><!--more--><br \/>\n<!-- {\"type\":\"layout\",\"children\":[{\"type\":\"section\",\"props\":{\"image\":\"wp-content\\\/uploads\\\/photo-1519225421980-715cb0215aed-scaled.jpg\",\"image_loading\":true,\"image_position\":\"center-center\",\"image_size\":\"width-1-1\",\"media_focal_point\":\"bottom-center\",\"media_visibility\":\"l\",\"style\":\"default\",\"title_breakpoint\":\"xl\",\"title_position\":\"top-left\",\"title_rotation\":\"left\",\"vertical_align\":\"middle\",\"width\":\"\"},\"children\":[{\"type\":\"row\",\"props\":{\"layout\":\"2-3,1-3\"},\"children\":[{\"type\":\"column\",\"props\":{\"image_position\":\"center-center\",\"position_sticky_breakpoint\":\"m\",\"style\":\"tile-muted\",\"width_medium\":\"2-3\"},\"children\":[{\"type\":\"headline\",\"props\":{\"content\":\"The perfect venue for your celebrations and private events\",\"title_element\":\"h1\",\"title_style\":\"heading-medium\",\"visibility\":\"l\"}},{\"type\":\"text\",\"props\":{\"column_breakpoint\":\"m\",\"content\":\"\n\n<p>Whether for a family or professional event, an elegant wedding, a milestone birthday, or an intimate celebration, Sainte-Catherine Hall offers a unique venue in Montreal to celebrate your precious moments. Thanks to our modular rooms and experienced team, your ideas will come to life in a tailor-made setting.<\\\/p>\",\"margin\":\"default\",\"text_style\":\"lead\",\"visibility\":\"l\"}}]},{\"type\":\"column\",\"props\":{\"image_position\":\"center-center\",\"position_sticky_breakpoint\":\"m\",\"width_medium\":\"1-3\"}}]}]},{\"type\":\"section\",\"props\":{\"image\":\"wp-content\\\/uploads\\\/photo-1519225421980-715cb0215aed-scaled.jpg\",\"image_position\":\"center-center\",\"style\":\"default\",\"title_breakpoint\":\"xl\",\"title_position\":\"top-left\",\"title_rotation\":\"left\",\"vertical_align\":\"middle\",\"width\":\"default\"},\"children\":[{\"type\":\"row\",\"children\":[{\"type\":\"column\",\"props\":{\"image_position\":\"center-center\",\"position_sticky_breakpoint\":\"m\",\"style\":\"tile-muted\"},\"children\":[{\"type\":\"headline\",\"props\":{\"content\":\"The perfect venue for your celebrations and private events\",\"title_element\":\"h1\",\"title_style\":\"heading-medium\",\"visibility\":\"hidden-l\"}},{\"type\":\"text\",\"props\":{\"column_breakpoint\":\"m\",\"content\":\"\n\n<p>Whether for a family or professional event, an elegant wedding, a milestone birthday, or an intimate celebration, Sainte-Catherine Hall offers a unique venue in Montreal to celebrate your precious moments. Thanks to our modular rooms and experienced team, your ideas will come to life in a tailor-made setting.<\\\/p>\",\"margin\":\"default\",\"text_style\":\"lead\",\"visibility\":\"hidden-l\"}}]}]}],\"name\":\"version mobile\"},{\"type\":\"section\",\"props\":{\"image_position\":\"center-center\",\"style\":\"default\",\"title_breakpoint\":\"xl\",\"title_position\":\"top-left\",\"title_rotation\":\"left\",\"vertical_align\":\"middle\",\"width\":\"default\"},\"children\":[{\"type\":\"row\",\"props\":{\"layout\":\"2-5,3-5\"},\"children\":[{\"type\":\"column\",\"props\":{\"image_position\":\"center-center\",\"position_sticky_breakpoint\":\"m\",\"width_medium\":\"2-5\"},\"children\":[{\"type\":\"image\",\"props\":{\"image\":\"wp-content\\\/uploads\\\/2025\\\/10\\\/BEN03339.jpg\",\"image_alt\":\"sallle \\u00e0 louer \\u00e9v\\u00e9nement priv\\u00e9\",\"image_box_decoration\":\"default\",\"image_svg_color\":\"emphasis\",\"margin\":\"default\"}}]},{\"type\":\"column\",\"props\":{\"image_position\":\"center-center\",\"position_sticky_breakpoint\":\"m\",\"width_medium\":\"3-5\"},\"children\":[{\"type\":\"headline\",\"props\":{\"content\":\"Create the event of your dreams\",\"title_element\":\"h1\"}},{\"type\":\"text\",\"props\":{\"column_breakpoint\":\"m\",\"content\":\"\n\n<h5>We understand that every event is unique. It represents your values, your culture, the importance of the occasion, the time of year, and your budget.<\\\/h5>\\n\n\n<h5>The high flexibility of our rooms allows us to host both large-scale and more intimate events.<\\\/h5>\\n\n\n<h5>We are 100% modular, and the most difficult part is defining your needs. Even for that, we have the skills and expertise at your service.<\\\/h5>\\n\n\n<p><\\\/p>\",\"margin\":\"default\"}}]}]},{\"type\":\"row\",\"props\":{\"layout\":\"1-2,1-2\"},\"children\":[{\"type\":\"column\",\"props\":{\"image\":\"wp-content\\\/uploads\\\/pexels-photo-5834736.jpeg\",\"image_loading\":true,\"image_position\":\"center-center\",\"image_size\":\"cover\",\"media_blend_mode\":\"darken\",\"position_sticky_breakpoint\":\"m\",\"text_color\":\"light\",\"vertical_align\":\"middle\",\"width_medium\":\"1-2\"},\"children\":[{\"type\":\"headline\",\"props\":{\"blend\":false,\"content\":\"No matter what celebration or private event you have in mind, we have everything you need to make it a memorable occasion.\",\"title_color\":\"emphasis\",\"title_element\":\"h1\",\"title_font_family\":\"default\"}}]},{\"type\":\"column\",\"props\":{\"image_position\":\"center-center\",\"position_sticky_breakpoint\":\"m\",\"width_medium\":\"1-2\"},\"children\":[{\"type\":\"list\",\"props\":{\"column_breakpoint\":\"m\",\"content_style\":\"h3\",\"image_align\":\"left\",\"image_svg_color\":\"emphasis\",\"image_vertical_align\":true,\"list_element\":\"ul\",\"list_horizontal_separator\":\", \",\"list_marker\":\"disc\",\"list_marker_color\":\"primary\",\"list_style\":\"divider\",\"list_type\":\"vertical\",\"show_image\":true,\"show_link\":true},\"children\":[{\"type\":\"list_item\",\"props\":{\"content\":\"Weddings\"}},{\"type\":\"list_item\",\"props\":{\"content\":\"Anniversaries\"}},{\"type\":\"list_item\",\"props\":{\"content\":\"Graduation\"}},{\"type\":\"list_item\",\"props\":{\"content\":\"Family celebrations\"}},{\"type\":\"list_item\",\"props\":{\"content\":\"Intimate ceremonies\"}},{\"type\":\"list_item\",\"props\":{\"content\":\"Private events\"}},{\"type\":\"list_item\",\"props\":{\"content\":\"Etc.\"}}]}]}]}]},{\"type\":\"section\",\"props\":{\"image_position\":\"center-center\",\"style\":\"default\",\"title_breakpoint\":\"xl\",\"title_position\":\"top-left\",\"title_rotation\":\"left\",\"vertical_align\":\"middle\",\"width\":\"default\"},\"children\":[{\"type\":\"row\",\"children\":[{\"type\":\"column\",\"props\":{\"image_position\":\"center-center\",\"position_sticky_breakpoint\":\"m\"},\"children\":[{\"type\":\"headline\",\"props\":{\"content\":\"Services that make a difference\",\"title_element\":\"h1\"}},{\"type\":\"panel-slider\",\"props\":{\"content_align\":false,\"content_column_breakpoint\":\"m\",\"content_style\":\"text-lead\",\"icon_width\":80,\"image_align\":\"top\",\"image_grid_breakpoint\":\"m\",\"image_grid_width\":\"1-2\",\"image_svg_color\":\"emphasis\",\"link_style\":\"default\",\"link_text\":\"Read more\",\"margin\":\"default\",\"meta_align\":\"below-title\",\"meta_element\":\"div\",\"meta_style\":\"text-meta\",\"nav\":\"dotnav\",\"nav_align\":\"center\",\"nav_breakpoint\":\"s\",\"panel_match\":true,\"show_content\":true,\"show_hover_image\":true,\"show_hover_video\":true,\"show_image\":true,\"show_link\":true,\"show_meta\":true,\"show_title\":true,\"show_video\":true,\"slidenav\":\"outside\",\"slidenav_breakpoint\":\"xl\",\"slidenav_margin\":\"medium\",\"slidenav_outside_breakpoint\":\"xl\",\"slider_autoplay\":true,\"slider_autoplay_interval\":\"2\",\"slider_autoplay_pause\":true,\"slider_gap\":\"default\",\"slider_sets\":true,\"slider_velocity\":\"0.6\",\"slider_width\":\"fixed\",\"slider_width_default\":\"1-1\",\"slider_width_medium\":\"1-3\",\"title_align\":\"top\",\"title_element\":\"h3\",\"title_grid_breakpoint\":\"m\",\"title_grid_width\":\"1-2\",\"title_hover_style\":\"reset\"},\"children\":[{\"type\":\"panel-slider_item\",\"props\":{\"content\":\"\n\n<p>Catering partner or your chef? It's up to you. Everything you need to prepare and serve your chosen meal or cocktail reception is provided.<\\\/p>\",\"image\":\"wp-content\\\/uploads\\\/pexels-photo-9544262-scaled.jpeg\",\"panel_style\":\"tile-default\",\"title\":\"Bar and catering\"}},{\"type\":\"panel-slider_item\",\"props\":{\"content\":\"\n\n<p>Lighting, video wall, live music, or DJ. The choice is yours. Just ask!<\\\/p>\\n\n\n<p><\\\/p>\",\"image\":\"wp-content\\\/uploads\\\/photo-1562575214-da9fcf59b907-scaled.jpg\",\"image_alt\":\"services et \\u00e9quipements\",\"title\":\"Decoration and ambiance\"}},{\"type\":\"panel-slider_item\",\"props\":{\"content\":\"\n\n<p>Whatever support you need, we have the resources: stage manager, service staff, security, etc.<\\\/p>\",\"image\":\"wp-content\\\/uploads\\\/photo-1531379410502-63bfe8cdaf6f-scaled.jpg\",\"title\":\"Turnkey services\"}}]},{\"type\":\"button\",\"props\":{\"fullwidth\":true,\"grid_column_gap\":\"small\",\"grid_row_gap\":\"small\",\"margin\":\"default\",\"text_align\":\"center\"},\"children\":[{\"type\":\"button_item\",\"props\":{\"button_style\":\"primary\",\"content\":\"See all available services \",\"dialog_layout\":\"modal\",\"dialog_offcanvas_flip\":true,\"icon\":\"settings\",\"icon_align\":\"left\",\"link\":\"en\\\/services-equipment\\\/\"}}]}]}]}]},{\"type\":\"section\",\"props\":{\"image_position\":\"center-center\",\"style\":\"primary\",\"title_breakpoint\":\"xl\",\"title_position\":\"top-left\",\"title_rotation\":\"left\",\"vertical_align\":\"middle\",\"width\":\"default\"},\"children\":[{\"type\":\"row\",\"props\":{\"layout\":\"2-3,1-3\"},\"children\":[{\"type\":\"column\",\"props\":{\"image_position\":\"center-center\",\"position_sticky_breakpoint\":\"m\",\"width_medium\":\"2-3\"},\"children\":[{\"type\":\"headline\",\"props\":{\"content\":\"<strong>A simple and reassuring experience<\\\/strong>\",\"title_element\":\"h1\"}},{\"type\":\"text\",\"props\":{\"column_breakpoint\":\"m\",\"content\":\"\n\n<p>Of course, we have rooms available for rent. But above all, we offer you successful events. We put all our knowledge, expertise, and resources at your service.<\\\/p>\\n\n\n<p>Our goal is your peace of mind. We know how challenging it can be to organize an event. Every day, our clients thank us for being there for them.<\\\/p>\\n\n\n<p><strong>So, what are your needs?<\\\/strong><\\\/p>\",\"margin\":\"default\",\"text_style\":\"lead\"}}]},{\"type\":\"column\",\"props\":{\"image_position\":\"center-center\",\"position_sticky_breakpoint\":\"m\",\"width_medium\":\"1-3\"},\"children\":[{\"type\":\"headline\",\"props\":{\"content\":\"FAQ\",\"text_align\":\"center\",\"title_element\":\"h1\"}},{\"type\":\"accordion\",\"props\":{\"collapsible\":true,\"content_column_breakpoint\":\"m\",\"image_align\":\"top\",\"image_grid_breakpoint\":\"m\",\"image_grid_width\":\"1-2\",\"image_svg_color\":\"emphasis\",\"link_style\":\"default\",\"link_text\":\"Read more\",\"show_image\":true,\"show_link\":true},\"children\":[{\"type\":\"accordion_item\",\"props\":{\"content\":\"\n\n<p>Yes, absolutely. Caterers have all the necessary equipment for preparation and service. Discuss your needs with us during our initial contact.<\\\/p>\",\"title\":\"Can we provide our own caterer?\"}},{\"type\":\"accordion_item\",\"props\":{\"content\":\"\n\n<p>We have all the equipment you need for bars serving alcohol or non-alcoholic beverages. We can provide staff if needed. Please note that liquor licenses are not automatic. Discuss this during our initial contact.<\\\/p>\\n\n\n<p><a href=\\\"https:\\\/\\\/www.racj.gouv.qc.ca\\\/formulaires-et-publications\\\/publications\\\/frais-et-droits-payables\\\/secteur-alcool\\\/reunions.html\\\" target=\\\"_blank\\\" rel=\\\"noopener\\\"> Confirm the conditions with the R\\u00e9gie des Alcools here.<\\\/a><\\\/p>\",\"title\":\"Is there a full bar service?\"}},{\"type\":\"accordion_item\",\"props\":{\"content\":\"\n\n<p>We are located 2 minutes from the Berri-UQ\\u00c0M subway station. There is street parking available on adjacent streets and paid parking lots in the surrounding area.<\\\/p>\",\"title\":\"What are the parking or public transportation options?\"}},{\"type\":\"accordion_item\",\"props\":{\"content\":\"\n\n<p>Of course. Our main rooms are equipped with sound systems tailored to each space. Discuss your needs with us when we first make contact.<\\\/p>\",\"title\":\"Can we provide our own music?\"}}],\"name\":\"FAQ - general - ENG\"},{\"type\":\"button\",\"props\":{\"grid_column_gap\":\"small\",\"grid_row_gap\":\"small\",\"margin\":\"default\"},\"children\":[{\"type\":\"button_item\",\"props\":{\"button_style\":\"default\",\"content\":\"See the list of our services\",\"dialog_layout\":\"modal\",\"dialog_offcanvas_flip\":true,\"icon\":\"settings\",\"icon_align\":\"left\",\"link\":\"en\\\/services-equipment\\\/\"}}]}]}]}]},{\"type\":\"section\",\"props\":{\"animation\":\"fade\",\"image_loading\":false,\"image_position\":\"center-center\",\"image_size\":\"cover\",\"padding\":\"none\",\"padding_remove_top\":false,\"style\":\"muted\",\"title_breakpoint\":\"xl\",\"title_position\":\"top-left\",\"title_rotation\":\"left\",\"vertical_align\":\"\",\"width\":\"large\"},\"children\":[{\"type\":\"row\",\"children\":[{\"type\":\"column\",\"props\":{\"image_position\":\"center-center\",\"media_blend_mode\":\"color-burn\",\"padding\":\"small\",\"position_sticky_breakpoint\":\"m\",\"style\":\"card-default\",\"vertical_align\":\"middle\",\"width_medium\":\"2-3\"},\"children\":[{\"type\":\"video\",\"props\":{\"margin\":\"small\",\"text_align\":\"center\",\"video\":\"wp-content\\\/uploads\\\/2025\\\/10\\\/obtenir_un_devis_1580636_original_mp4.mp4\",\"video_autoplay\":\"inview\",\"video_controls\":false,\"video_loop\":true,\"video_muted\":true,\"video_width\":600}},{\"type\":\"headline\",\"props\":{\"block_align\":\"center\",\"content\":\"Start organizing your event now.\",\"maxwidth\":\"xlarge\",\"text_align\":\"center\",\"text_align_breakpoint\":\"m\",\"text_align_fallback\":\"center\",\"title_color\":\"primary\",\"title_element\":\"h3\",\"title_style\":\"h2\"}},{\"type\":\"text\",\"props\":{\"block_align\":\"center\",\"block_align_breakpoint\":\"m\",\"block_align_fallback\":\"center\",\"column_breakpoint\":\"m\",\"content\":\"\n\n<p>Share your event\\u2019s key details with us by filling out our form and we\\u2019ll get back to you as soon as possible. Everything starts here!<\\\/p>\",\"margin\":\"default\",\"maxwidth\":\"xlarge\",\"maxwidth_breakpoint\":\"m\",\"text_align\":\"center\",\"text_align_breakpoint\":\"m\",\"text_align_fallback\":\"center\",\"text_style\":\"lead\"}},{\"type\":\"button\",\"props\":{\"animation\":\"slide-bottom-small\",\"block_align\":\"center\",\"grid_column_gap\":\"small\",\"grid_row_gap\":\"small\",\"margin\":\"medium\",\"maxwidth\":\"xlarge\",\"text_align\":\"center\",\"text_align_breakpoint\":\"m\",\"text_align_fallback\":\"center\"},\"children\":[{\"type\":\"button_item\",\"props\":{\"button_style\":\"primary\",\"content\":\"Get a Quote\",\"dialog_layout\":\"modal\",\"dialog_offcanvas_flip\":true,\"icon\":\"file-edit\",\"icon_align\":\"left\",\"link\":\"obtenir-un-devis\\\/\",\"link_title\":\"Obtenir un devis\"}},{\"type\":\"button_item\",\"props\":{\"button_style\":\"default\",\"content\":\"Questions?\",\"dialog_layout\":\"modal\",\"dialog_offcanvas_flip\":true,\"icon\":\"question\",\"icon_align\":\"left\",\"link\":\"blogues-ressources\\\/\",\"link_title\":\"FAQ\"}}]},{\"type\":\"social\",\"props\":{\"grid\":\"horizontal\",\"grid_column_gap\":\"\",\"grid_row_gap\":\"\",\"image_svg_inline\":true,\"link_style\":\"button\",\"link_target\":true,\"margin\":\"default\",\"text_align\":\"center\",\"visibility\":\"hidden-xl\"},\"children\":[{\"type\":\"social_item\",\"props\":{\"icon\":\"facebook\",\"link\":\"https:\\\/\\\/www.facebook.com\\\/stecatherine.hall\"}},{\"type\":\"social_item\",\"props\":{\"icon\":\"instagram\",\"link\":\"https:\\\/\\\/www.instagram.com\\\/stecatherine.hall\\\/\"}},{\"type\":\"social_item\",\"props\":{\"icon\":\"tiktok\",\"link\":\"https:\\\/\\\/www.tiktok.com\\\/@saintecatherinehall\"}}]}]},{\"type\":\"column\",\"props\":{\"image_position\":\"center-center\",\"position_sticky_breakpoint\":\"m\",\"style\":\"card-default\",\"vertical_align\":\"middle\",\"width_medium\":\"1-3\"},\"children\":[{\"type\":\"video\",\"props\":{\"margin\":\"default\",\"video\":\"wp-content\\\/uploads\\\/2025\\\/10\\\/1759965473410.mp4\",\"video_autoplay\":true,\"video_box_decoration\":\"secondary\",\"video_controls\":false,\"video_loop\":true,\"video_muted\":true}}]}],\"props\":{\"column_gap\":\"collapse\",\"layout\":\"2-3,1-3\",\"row_gap\":\"collapse\"}}],\"name\":\"Call to Action - ENG\"}],\"version\":\"4.5.28\"} --><\/p>\n","protected":false},"excerpt":{"rendered":"<p>The perfect venue for your celebrations and private events Whether for a family or professional event, an elegant wedding, a milestone birthday, or an intimate celebration, Sainte-Catherine Hall offers a unique venue in Montreal to celebrate your precious moments. Thanks to our modular rooms and experienced team, your ideas will come to life in a [&hellip;]<\/p>\n","protected":false},"author":2,"featured_media":0,"parent":0,"menu_order":0,"comment_status":"closed","ping_status":"closed","template":"","meta":{"content-type":"","footnotes":""},"class_list":["post-118","page","type-page","status-publish","hentry"],"_links":{"self":[{"href":"https:\/\/saintecatherinehall.com\/en\/wp-json\/wp\/v2\/pages\/118","targetHints":{"allow":["GET"]}}],"collection":[{"href":"https:\/\/saintecatherinehall.com\/en\/wp-json\/wp\/v2\/pages"}],"about":[{"href":"https:\/\/saintecatherinehall.com\/en\/wp-json\/wp\/v2\/types\/page"}],"author":[{"embeddable":true,"href":"https:\/\/saintecatherinehall.com\/en\/wp-json\/wp\/v2\/users\/2"}],"replies":[{"embeddable":true,"href":"https:\/\/saintecatherinehall.com\/en\/wp-json\/wp\/v2\/comments?post=118"}],"version-history":[{"count":0,"href":"https:\/\/saintecatherinehall.com\/en\/wp-json\/wp\/v2\/pages\/118\/revisions"}],"wp:attachment":[{"href":"https:\/\/saintecatherinehall.com\/en\/wp-json\/wp\/v2\/media?parent=118"}],"curies":[{"name":"wp","href":"https:\/\/api.w.org\/{rel}","templated":true}]}}